{"id":62,"date":"2016-02-04T18:24:29","date_gmt":"2016-02-04T17:24:29","guid":{"rendered":"https:\/\/psihoterapevti.com\/?page_id=62"},"modified":"2019-09-30T20:28:55","modified_gmt":"2019-09-30T18:28:55","slug":"o-nas","status":"publish","type":"page","link":"https:\/\/psihoterapevti.com\/index.php\/o-nas\/","title":{"rendered":"O nas"},"content":{"rendered":"<p>Center deluje na podro\u010dju celostnega razvoja posameznika in je ustanovljen z namenom promocije in krepitve du\u0161evnega zdravja. V ta namen posameznikom, skupinam in organizacijam nudi psihodiagnostiko, izobra\u017eevanje, psiholo\u0161ko svetovanje in psihoterapijo.<\/p>\n<p>Ustanoviteljica zavoda sem Alenka Somensary, univerzitetna diplomirana psihologinja in specializantka TA psihoterapije.<\/p>\n<p><strong><a href=\"https:\/\/psihoterapevti.com\/wp-content\/uploads\/2016\/02\/Slika-spletna-stran.jpg\" rel=\"attachment wp-att-196\"><img loading=\"lazy\" class=\"wp-image-196 alignleft\" src=\"https:\/\/psihoterapevti.com\/wp-content\/uploads\/2016\/02\/Slika-spletna-stran-295x300.jpg\" alt=\"Slika spletna stran\" width=\"235\" height=\"239\" srcset=\"https:\/\/psihoterapevti.com\/wp-content\/uploads\/2016\/02\/Slika-spletna-stran-295x300.jpg 295w, https:\/\/psihoterapevti.com\/wp-content\/uploads\/2016\/02\/Slika-spletna-stran-768x781.jpg 768w, https:\/\/psihoterapevti.com\/wp-content\/uploads\/2016\/02\/Slika-spletna-stran.jpg 944w\" sizes=\"(max-width: 235px) 100vw, 235px\" \/><\/a>Alenka Somensary:\u00a0<\/strong>Sem univerzitetna diplomirana psihologinja in specializantka TA (Transakcijsko Analiti\u010dne) psihoterapije.<\/p>\n<p>Po kon\u010danem \u0161tudiju Psihologije na Filozofski fakulteti v Ljubljani, sem opravila \u0161tiriletni \u0161tudij psihoterapije transakcijske analize na <a href=\"http:\/\/www.ipta.si\/\" target=\"_blank\" rel=\"noopener noreferrer\"><u>In\u0161titutu IPTA<\/u> <\/a>(In\u0161titut za psihoterapijo Transakcijske analize). Po kon\u010danem \u0161tudiju in opravljenih pogojih za delo s klienti sem pridobila naziv Specializantka transakcijsko analiti\u010dne psihoterapije. Trenutno sem v procesu priprave na evropski izpit iz psihoterapije za pridobitev naziva certificirana psihoterapevtka (CTA) pri Evropskem zdru\u017eenju za transakcijsko analizo EATA.<\/p>\n<p>&nbsp;<\/p>\n<p>&nbsp;<\/p>\n<p>Sem \u010dlanica naslednjih organizacij:<\/p>\n<ul>\n<li><a href=\"http:\/\/www.drustvo-sinta.si\/\">Sinta, Slovensko dru\u0161tvo za integrativno psihoterapijo in transakcijsko analizo<\/a><\/li>\n<li><a href=\"http:\/\/www.sloventa.si\/\">Sloventa, Dru\u0161tvo za transakcijsko analizo Slovenije<\/a><\/li>\n<li><a href=\"http:\/\/www.skzp.org\/\">SKZP, Slovenska krovna zveza za psihoterapijo<\/a><\/li>\n<li><a href=\"http:\/\/www.europsyche.org\/\">EAP, Evropska zveza za psihoterapijo<\/a><\/li>\n<li><a href=\"http:\/\/www.eatanews.org\/\">EATA, Evropska zveza za transakcijsko analizo<\/a><\/li>\n<\/ul>\n<p>Delam v skladu z eti\u010dnim kodeksom EATE, Evropske zveze za transakcijsko analizo (EATA Ethical Code).<\/p>\n<p>Nudim individualno, partnersko in skupinsko psihoterapijo po principih Transakcijske Analize. Podro\u010dja, s katerimi se ukvarjam so razli\u010dna in vklju\u010dujejo depresijo, anksiozne motnje (pani\u010dne napade), zlorabe, izgube, motnje hranjenja, te\u017eave v odnosih, identitetne dileme\u2026itd.<\/p>\n<p>Pri delu s klienti me vodi <strong>Jaz sem v redu \u2013 ti si v redu<\/strong> \u017eivljenjska pozicija, pristen in spo\u0161tljiv odnos, ki spodbuja prepoznavo in spreminjanje razli\u010dnih prepri\u010danj, \u010dustev in vedenja do vse bolj avtonomnega, zavestnega in spontanega mi\u0161ljenja, \u010dustvovanja in vedenja klienta.<\/p>\n<p>Svoje delo redno superviziram.<\/p>\n<p style=\"text-align: justify;\"><a href=\"https:\/\/psihoterapevti.com\/wp-content\/uploads\/2016\/02\/mail_icon-1.png\" rel=\"attachment wp-att-106\"><img loading=\"lazy\" class=\"wp-image-106 alignleft\" src=\"https:\/\/psihoterapevti.com\/wp-content\/uploads\/2016\/02\/mail_icon-1.png\" alt=\"mail_icon\" width=\"39\" height=\"39\" \/><\/a><a href=\"mailto:alenka@psihoterapevti.com\">alenka(at)psihoterapevti.com<\/a><a href=\"https:\/\/psihoterapevti.com\/wp-content\/uploads\/2016\/02\/phone_icon.png\" rel=\"attachment wp-att-104\"><img loading=\"lazy\" class=\"wp-image-104 alignleft\" src=\"https:\/\/psihoterapevti.com\/wp-content\/uploads\/2016\/02\/phone_icon.png\" alt=\"phone_icon\" width=\"37\" height=\"37\" \/><\/a><\/p>\n<p style=\"text-align: justify;\">041-365-461<\/p>\n<p style=\"text-align: justify;\"><a href=\"https:\/\/psihoterapevti.com\/wp-content\/uploads\/2016\/02\/sinta.jpghttp:\/\/drustvo-sinta.si\/\" target=\"_blank\" rel=\"attachment wp-att-183 noopener noreferrer\"><img loading=\"lazy\" class=\"alignnone wp-image-183\" src=\"https:\/\/psihoterapevti.com\/wp-content\/uploads\/2016\/02\/sinta.jpg\" alt=\"sinta\" width=\"95\" height=\"57\" \/><\/a>\u00a0 \u00a0<a href=\"http:\/\/www.sloventa.si\/\" target=\"_blank\" rel=\"attachment wp-att-184 noopener noreferrer\"><img loading=\"lazy\" class=\"alignnone size-full wp-image-184\" src=\"https:\/\/psihoterapevti.com\/wp-content\/uploads\/2016\/02\/sloventa.jpg\" alt=\"sloventa\" width=\"100\" height=\"69\" \/><\/a>\u00a0 \u00a0<a href=\"http:\/\/www.skzp.org\/\" target=\"_blank\" rel=\"attachment wp-att-186 noopener noreferrer\"><img loading=\"lazy\" class=\"alignnone size-full wp-image-186\" src=\"https:\/\/psihoterapevti.com\/wp-content\/uploads\/2016\/02\/skzp.jpg\" alt=\"skzp\" width=\"100\" height=\"110\" \/><\/a>\u00a0<a href=\"http:\/\/www.europsyche.orgg\" target=\"_blank\" rel=\"attachment wp-att-187 noopener noreferrer\"><img loading=\"lazy\" class=\"alignnone size-full wp-image-187\" src=\"https:\/\/psihoterapevti.com\/wp-content\/uploads\/2016\/02\/eap.jpg\" alt=\"eap\" width=\"100\" height=\"152\" \/><\/a>\u00a0<a href=\"http:\/\/www.eatanews.org\/\" target=\"_blank\" rel=\"attachment wp-att-188 noopener noreferrer\"><img loading=\"lazy\" class=\"alignnone size-full wp-image-188\" src=\"https:\/\/psihoterapevti.com\/wp-content\/uploads\/2016\/02\/eata.jpg\" alt=\"eata\" width=\"100\" height=\"101\" \/><\/a><\/p>\n<p><a href=\"https:\/\/psihoterapevti.com\/wp-content\/uploads\/2016\/02\/mail_icon-1.png\" rel=\"attachment wp-att-106\"><img loading=\"lazy\" class=\"wp-image-106 alignleft\" src=\"https:\/\/psihoterapevti.com\/wp-content\/uploads\/2016\/02\/mail_icon-1.png\" alt=\"mail_icon\" width=\"39\" height=\"39\" \/><\/a><\/p>\n","protected":false},"excerpt":{"rendered":"<p>Center deluje na podro\u010dju celostnega razvoja posameznika in je ustanovljen z namenom promocije in krepitve du\u0161evnega zdravja. V ta namen posameznikom, skupinam in organizacijam nudi psihodiagnostiko, izobra\u017eevanje, psiholo\u0161ko svetovanje in psihoterapijo. Ustanoviteljica zavoda sem Alenka Somensary, univerzitetna diplomirana psihologinja in specializantka TA psihoterapije. Alenka Somensary:\u00a0Sem univerzitetna diplomirana psihologinja in specializantka TA (Transakcijsko Analiti\u010dne) psihoterapije. Po [&hellip;]<\/p>\n","protected":false},"author":1,"featured_media":0,"parent":0,"menu_order":0,"comment_status":"closed","ping_status":"closed","template":"template-full-width.php","meta":[],"_links":{"self":[{"href":"https:\/\/psihoterapevti.com\/index.php\/wp-json\/wp\/v2\/pages\/62"}],"collection":[{"href":"https:\/\/psihoterapevti.com\/index.php\/wp-json\/wp\/v2\/pages"}],"about":[{"href":"https:\/\/psihoterapevti.com\/index.php\/wp-json\/wp\/v2\/types\/page"}],"author":[{"embeddable":true,"href":"https:\/\/psihoterapevti.com\/index.php\/wp-json\/wp\/v2\/users\/1"}],"replies":[{"embeddable":true,"href":"https:\/\/psihoterapevti.com\/index.php\/wp-json\/wp\/v2\/comments?post=62"}],"version-history":[{"count":30,"href":"https:\/\/psihoterapevti.com\/index.php\/wp-json\/wp\/v2\/pages\/62\/revisions"}],"predecessor-version":[{"id":287,"href":"https:\/\/psihoterapevti.com\/index.php\/wp-json\/wp\/v2\/pages\/62\/revisions\/287"}],"wp:attachment":[{"href":"https:\/\/psihoterapevti.com\/index.php\/wp-json\/wp\/v2\/media?parent=62"}],"curies":[{"name":"wp","href":"https:\/\/api.w.org\/{rel}","templated":true}]}}